{"id":3125,"date":"2021-03-10T08:52:40","date_gmt":"2021-03-10T08:52:40","guid":{"rendered":"https:\/\/www.msillosi.com\/?post_type=product&#038;p=3125"},"modified":"2022-09-17T22:49:13","modified_gmt":"2022-09-17T22:49:13","slug":"muhlefellner-tip-400","status":"publish","type":"product","link":"https:\/\/www.msillosi.com\/en\/product\/muhlefellner-tip-400\/","title":{"rendered":"Muhlefellner Tip 400"},"content":{"rendered":"<p><strong>\u00c7ka \u00ebsht\u00eb:<\/strong>\u00a0i nxjerre nga pjesa ma e madhe e kokr\u00ebs s\u00eb grurit me p\u00ebrmbajtje m\u00eb t\u00eb lart\u00eb t\u00eb protein\u00ebs nga 10 deri 12 p\u00ebrqind i cili ju mund\u00ebson konsumator\u00ebve gatim t\u00eb leht\u00eb t\u00eb buk\u00ebs dhe brum\u00ebrave t\u00eb tjer\u00eb<strong>\u00a0<\/strong><\/p>\n<p><strong>Kur t\u00eb p\u00ebrdoret:<\/strong>\u00a0ky lloj mielli \u00ebsht\u00eb ideal p\u00ebr gatimin e buk\u00ebs t\u00eb t\u00eb gjitha llojeve dhe i jep buk\u00ebs shije dhe arom\u00eb t\u00eb k\u00ebndshme.<\/p>","protected":false},"excerpt":{"rendered":"<p>\u00c7ka \u00ebsht\u00eb:\u00a0i nxjerre nga pjesa ma e madhe e kokr\u00ebs s\u00eb grurit me p\u00ebrmbajtje m\u00eb t\u00eb lart\u00eb t\u00eb protein\u00ebs nga 10 deri 12 p\u00ebrqind i cili ju mund\u00ebson konsumator\u00ebve gatim t\u00eb leht\u00eb t\u00eb buk\u00ebs dhe brum\u00ebrave t\u00eb tjer\u00eb\u00a0 Kur t\u00eb p\u00ebrdoret:\u00a0ky lloj mielli \u00ebsht\u00eb ideal p\u00ebr gatimin e buk\u00ebs t\u00eb t\u00eb gjitha llojeve dhe i [&hellip;]<\/p>","protected":false},"featured_media":3126,"comment_status":"open","ping_status":"closed","template":"","meta":{"_vp_format_video_url":"","_vp_image_focal_point":[]},"_links":{"self":[{"href":"https:\/\/www.msillosi.com\/en\/wp-json\/wp\/v2\/product\/3125"}],"collection":[{"href":"https:\/\/www.msillosi.com\/en\/wp-json\/wp\/v2\/product"}],"about":[{"href":"https:\/\/www.msillosi.com\/en\/wp-json\/wp\/v2\/types\/product"}],"replies":[{"embeddable":true,"href":"https:\/\/www.msillosi.com\/en\/wp-json\/wp\/v2\/comments?post=3125"}],"wp:featuredmedia":[{"embeddable":true,"href":"https:\/\/www.msillosi.com\/en\/wp-json\/wp\/v2\/media\/3126"}],"wp:attachment":[{"href":"https:\/\/www.msillosi.com\/en\/wp-json\/wp\/v2\/media?parent=3125"}],"curies":[{"name":"wp","href":"https:\/\/api.w.org\/{rel}","templated":true}]}}