{"id":3116,"date":"2021-03-10T08:38:46","date_gmt":"2021-03-10T08:38:46","guid":{"rendered":"https:\/\/www.msillosi.com\/?post_type=product&#038;p=3116"},"modified":"2025-10-13T16:01:57","modified_gmt":"2025-10-13T16:01:57","slug":"sofra-tip-400","status":"publish","type":"product","link":"https:\/\/www.msillosi.com\/en\/product\/sofra-tip-400\/","title":{"rendered":"Sofra Tip 400"},"content":{"rendered":"<div class=\"wpb_text_column wpb_content_element\">\n<div class=\"wpb_wrapper\">\n<p><strong>\u00c7ka \u00ebsht\u00eb:<\/strong>\u00a0miell me nivelin e protein\u00ebs nga 9 deri 11 p\u00ebrqind i prodhuar me kujdes t\u00eb ve\u00e7an\u00ebt p\u00ebr ti plot\u00ebsuara nevojat e konsumator\u00ebve.<\/p>\n<p><strong>Kur t\u00eb p\u00ebrdoret<\/strong>: ky lloj mielli\u00a0<strong>mund t\u00eb p\u00ebrdoret p\u00ebr t\u00eb gjitha nevojat e gatimit<\/strong>.<\/p>\n<\/div>\n<\/div>","protected":false},"excerpt":{"rendered":"<p>\u00c7ka \u00ebsht\u00eb:\u00a0miell me nivelin e protein\u00ebs nga 9 deri 11 p\u00ebrqind i prodhuar me kujdes t\u00eb ve\u00e7an\u00ebt p\u00ebr ti plot\u00ebsuara nevojat e konsumator\u00ebve. Kur t\u00eb p\u00ebrdoret: ky lloj mielli\u00a0mund t\u00eb p\u00ebrdoret p\u00ebr t\u00eb gjitha nevojat e gatimit.<\/p>","protected":false},"featured_media":3118,"comment_status":"open","ping_status":"closed","template":"","meta":{"_vp_format_video_url":"","_vp_image_focal_point":[]},"_links":{"self":[{"href":"https:\/\/www.msillosi.com\/en\/wp-json\/wp\/v2\/product\/3116"}],"collection":[{"href":"https:\/\/www.msillosi.com\/en\/wp-json\/wp\/v2\/product"}],"about":[{"href":"https:\/\/www.msillosi.com\/en\/wp-json\/wp\/v2\/types\/product"}],"replies":[{"embeddable":true,"href":"https:\/\/www.msillosi.com\/en\/wp-json\/wp\/v2\/comments?post=3116"}],"wp:featuredmedia":[{"embeddable":true,"href":"https:\/\/www.msillosi.com\/en\/wp-json\/wp\/v2\/media\/3118"}],"wp:attachment":[{"href":"https:\/\/www.msillosi.com\/en\/wp-json\/wp\/v2\/media?parent=3116"}],"curies":[{"name":"wp","href":"https:\/\/api.w.org\/{rel}","templated":true}]}}