{"id":3112,"date":"2021-03-10T08:37:04","date_gmt":"2021-03-10T08:37:04","guid":{"rendered":"https:\/\/www.msillosi.com\/?post_type=product&#038;p=3112"},"modified":"2025-10-13T16:01:15","modified_gmt":"2025-10-13T16:01:15","slug":"dellino-tip-premium","status":"publish","type":"product","link":"https:\/\/www.msillosi.com\/en\/product\/dellino-tip-premium\/","title":{"rendered":"Dellino Tip Premium"},"content":{"rendered":"<div class=\"wpb_text_column wpb_content_element\">\n<div class=\"wpb_wrapper\">\n<p><strong>\u00c7ka \u00ebsht\u00eb:<\/strong>\u00a0\u00ebsht\u00eb miell me kualitet shum\u00eb t\u00eb lart\u00eb, i cili p\u00ebrmban vlera shum\u00eb m\u00eb t\u00eb larta t\u00eb protein\u00ebs dhe t\u00eb glutenit se sa mielli i zakonsh\u00ebm dhe se gjat\u00eb gatimit e krijon brumin me elasticitet t\u00eb lart\u00eb dhe shum\u00eb t\u00eb p\u00ebrshtatsh\u00ebm p\u00ebr gatimin e produkteve t\u00eb caktuara.<strong>\u00a0<\/strong><\/p>\n<p><strong>Kur t\u00eb p\u00ebrdoret: <\/strong>ky lloj mielli \u00ebsht\u00eb i p\u00ebrshtatsh\u00ebm p\u00ebr gatimin e byrekut, brumit t\u00eb pic\u00ebs, pite, pet\u00eb dhe bakllava. Nj\u00ebk\u00ebh\u00ebsisht mund t\u00eb p\u00ebrdoret edhe p\u00ebr gatimin e brum\u00ebrave t\u00eb tjer\u00eb sipas nevojave tuaja.<\/p>\n<\/div>\n<\/div>","protected":false},"excerpt":{"rendered":"<p>\u00c7ka \u00ebsht\u00eb:\u00a0\u00ebsht\u00eb miell me kualitet shum\u00eb t\u00eb lart\u00eb, i cili p\u00ebrmban vlera shum\u00eb m\u00eb t\u00eb larta t\u00eb protein\u00ebs dhe t\u00eb glutenit se sa mielli i zakonsh\u00ebm dhe se gjat\u00eb gatimit e krijon brumin me elasticitet t\u00eb lart\u00eb dhe shum\u00eb t\u00eb p\u00ebrshtatsh\u00ebm p\u00ebr gatimin e produkteve t\u00eb caktuara.\u00a0 Kur t\u00eb p\u00ebrdoret: ky lloj mielli \u00ebsht\u00eb i [&hellip;]<\/p>","protected":false},"featured_media":3115,"comment_status":"open","ping_status":"closed","template":"","meta":{"_vp_format_video_url":"","_vp_image_focal_point":[]},"_links":{"self":[{"href":"https:\/\/www.msillosi.com\/en\/wp-json\/wp\/v2\/product\/3112"}],"collection":[{"href":"https:\/\/www.msillosi.com\/en\/wp-json\/wp\/v2\/product"}],"about":[{"href":"https:\/\/www.msillosi.com\/en\/wp-json\/wp\/v2\/types\/product"}],"replies":[{"embeddable":true,"href":"https:\/\/www.msillosi.com\/en\/wp-json\/wp\/v2\/comments?post=3112"}],"wp:featuredmedia":[{"embeddable":true,"href":"https:\/\/www.msillosi.com\/en\/wp-json\/wp\/v2\/media\/3115"}],"wp:attachment":[{"href":"https:\/\/www.msillosi.com\/en\/wp-json\/wp\/v2\/media?parent=3112"}],"curies":[{"name":"wp","href":"https:\/\/api.w.org\/{rel}","templated":true}]}}