{"id":3107,"date":"2021-03-10T08:26:33","date_gmt":"2021-03-10T08:26:33","guid":{"rendered":"https:\/\/www.msillosi.com\/?post_type=product&#038;p=3107"},"modified":"2025-10-13T16:00:59","modified_gmt":"2025-10-13T16:00:59","slug":"dellino-tip-400","status":"publish","type":"product","link":"https:\/\/www.msillosi.com\/en\/product\/dellino-tip-400\/","title":{"rendered":"Dellino Tip 400"},"content":{"rendered":"<p><strong>\u00c7ka \u00ebsht\u00eb:\u00a0<\/strong>Mielli Integral \u00ebsht\u00eb miell dietal, i prodhuar nga bluarja e t\u00ebr\u00eb kokr\u00ebs s\u00eb grurit. Ky lloj mielli p\u00ebrmban vlera m\u00eb t\u00eb larta nutritive dhe fibra se sa miell\u00ebra t\u00eb tjer\u00eb.<strong>\u00a0<\/strong><\/p>\n<p><strong>IDEAL P\u00cbR:<\/strong><br \/>\nT\u00eb gjitha nevojat e gatimit.<br \/>\nIdeale p\u00ebr p\u00ebrdorim nga konsumator\u00ebt, furrtar\u00ebt dhe kuzhinier\u00ebt.<\/p>\n<p><strong>VLERAT USHQYESE:<\/strong><br \/>\nMiell i bardh\u00eb i cili vjen nga zemra e kokrr\u00ebs s\u00eb grurit, pjesa me p\u00ebrmbajtjen m\u00eb t\u00eb lart\u00eb t\u00eb karbohidrateve.<br \/>\nGruri \u00ebsht\u00eb i p\u00ebrzgjedhur dhe i bluar me kujdes. Ky tip i miellit e ka nivelin e Protein\u00ebs nga 9 % deri 11 %.<\/p>\n<p><strong>KARAKTERISTIKAT ORGANOLEPTIKE:<\/strong><br \/>\nP\u00ebrmbajtja e ul\u00ebt e krip\u00ebrave minerale e b\u00ebn at\u00eb miellin m\u00eb t\u00eb bardh\u00eb. Ka nj\u00eb konsistenc\u00eb t\u00eb im\u00ebt, ngjyr\u00eb<br \/>\nkarakteristike t\u00eb bardh\u00eb dhe arom\u00eb t\u00eb k\u00ebnd\u00ebshme.<\/p>\n<p><strong>KUR T\u00cb P\u00cbRDORET:<\/strong><br \/>\nN\u00eb ve\u00e7anti, \u00ebsht\u00eb ideal p\u00ebr \u00ebmb\u00eblsira, pallaqinka, kifle, pite, flija, krofne, pica e deri te buk\u00ebt e shpejta t\u00eb<br \/>\nsht\u00ebpis\u00eb.<\/p>","protected":false},"excerpt":{"rendered":"<p>\u00c7ka \u00ebsht\u00eb:\u00a0Mielli Integral \u00ebsht\u00eb miell dietal, i prodhuar nga bluarja e t\u00ebr\u00eb kokr\u00ebs s\u00eb grurit. Ky lloj mielli p\u00ebrmban vlera m\u00eb t\u00eb larta nutritive dhe fibra se sa miell\u00ebra t\u00eb tjer\u00eb.\u00a0 IDEAL P\u00cbR: T\u00eb gjitha nevojat e gatimit. Ideale p\u00ebr p\u00ebrdorim nga konsumator\u00ebt, furrtar\u00ebt dhe kuzhinier\u00ebt. VLERAT USHQYESE: Miell i bardh\u00eb i cili vjen nga [&hellip;]<\/p>","protected":false},"featured_media":3108,"comment_status":"open","ping_status":"closed","template":"","meta":{"_vp_format_video_url":"","_vp_image_focal_point":[]},"_links":{"self":[{"href":"https:\/\/www.msillosi.com\/en\/wp-json\/wp\/v2\/product\/3107"}],"collection":[{"href":"https:\/\/www.msillosi.com\/en\/wp-json\/wp\/v2\/product"}],"about":[{"href":"https:\/\/www.msillosi.com\/en\/wp-json\/wp\/v2\/types\/product"}],"replies":[{"embeddable":true,"href":"https:\/\/www.msillosi.com\/en\/wp-json\/wp\/v2\/comments?post=3107"}],"wp:featuredmedia":[{"embeddable":true,"href":"https:\/\/www.msillosi.com\/en\/wp-json\/wp\/v2\/media\/3108"}],"wp:attachment":[{"href":"https:\/\/www.msillosi.com\/en\/wp-json\/wp\/v2\/media?parent=3107"}],"curies":[{"name":"wp","href":"https:\/\/api.w.org\/{rel}","templated":true}]}}