{"id":3105,"date":"2021-03-10T08:24:56","date_gmt":"2021-03-10T08:24:56","guid":{"rendered":"https:\/\/www.msillosi.com\/?post_type=product&#038;p=3105"},"modified":"2025-10-11T08:07:53","modified_gmt":"2025-10-11T08:07:53","slug":"finnesa-tip-integral","status":"publish","type":"product","link":"https:\/\/www.msillosi.com\/en\/product\/finnesa-tip-integral\/","title":{"rendered":"Finnesa Tip Integral"},"content":{"rendered":"<div class=\"wpb_text_column wpb_content_element\">\n<div class=\"wpb_wrapper\">\n<p><strong>\u00c7ka \u00ebsht\u00eb:\u00a0<\/strong>Mielli Integral \u00ebsht\u00eb miell dietal, i prodhuar nga bluarja e t\u00ebr\u00eb kokr\u00ebs s\u00eb grurit. Ky lloj mielli p\u00ebrmban vlera m\u00eb t\u00eb larta nutritive dhe fibra se sa miell\u00ebra t\u00eb tjer\u00eb.<strong>\u00a0<\/strong><\/p>\n<p><strong>Kur t\u00eb p\u00ebrdoret:<\/strong>\u00a0ky miell \u00ebsht\u00eb ideal p\u00ebr t\u00eb gjitha recetat tuaja q\u00eb k\u00ebrkojn\u00eb miell integral duke p\u00ebrfshir\u00eb gatim t\u00eb buk\u00ebs dhe brum\u00ebrave t\u00eb tjer\u00eb. P\u00ebr ata q\u00eb d\u00ebshirojn\u00eb t\u00eb han\u00eb t\u00ebr\u00eb kokren e grurit me arom\u00eb t\u00eb pasur dhe ngjyr\u00eb m\u00eb t\u00eb mbyllur t\u00eb miellit, kjo do isht\u00eb zgjedhja e duhur.<\/p>\n<\/div>\n<\/div>","protected":false},"excerpt":{"rendered":"<p>\u00c7ka \u00ebsht\u00eb:\u00a0Mielli Integral \u00ebsht\u00eb miell dietal, i prodhuar nga bluarja e t\u00ebr\u00eb kokr\u00ebs s\u00eb grurit. Ky lloj mielli p\u00ebrmban vlera m\u00eb t\u00eb larta nutritive dhe fibra se sa miell\u00ebra t\u00eb tjer\u00eb.\u00a0 Kur t\u00eb p\u00ebrdoret:\u00a0ky miell \u00ebsht\u00eb ideal p\u00ebr t\u00eb gjitha recetat tuaja q\u00eb k\u00ebrkojn\u00eb miell integral duke p\u00ebrfshir\u00eb gatim t\u00eb buk\u00ebs dhe brum\u00ebrave t\u00eb tjer\u00eb. [&hellip;]<\/p>","protected":false},"featured_media":3106,"comment_status":"open","ping_status":"closed","template":"","meta":{"_vp_format_video_url":"","_vp_image_focal_point":[]},"_links":{"self":[{"href":"https:\/\/www.msillosi.com\/en\/wp-json\/wp\/v2\/product\/3105"}],"collection":[{"href":"https:\/\/www.msillosi.com\/en\/wp-json\/wp\/v2\/product"}],"about":[{"href":"https:\/\/www.msillosi.com\/en\/wp-json\/wp\/v2\/types\/product"}],"replies":[{"embeddable":true,"href":"https:\/\/www.msillosi.com\/en\/wp-json\/wp\/v2\/comments?post=3105"}],"wp:featuredmedia":[{"embeddable":true,"href":"https:\/\/www.msillosi.com\/en\/wp-json\/wp\/v2\/media\/3106"}],"wp:attachment":[{"href":"https:\/\/www.msillosi.com\/en\/wp-json\/wp\/v2\/media?parent=3105"}],"curies":[{"name":"wp","href":"https:\/\/api.w.org\/{rel}","templated":true}]}}