{"id":3103,"date":"2021-03-10T08:22:33","date_gmt":"2021-03-10T08:22:33","guid":{"rendered":"https:\/\/www.msillosi.com\/?post_type=product&#038;p=3103"},"modified":"2025-10-10T08:46:18","modified_gmt":"2025-10-10T08:46:18","slug":"finnesa-tip-premium","status":"publish","type":"product","link":"https:\/\/www.msillosi.com\/en\/product\/finnesa-tip-premium\/","title":{"rendered":"Finnesa Tip Premium"},"content":{"rendered":"<p><strong>\u00c7ka \u00ebsht\u00eb:<\/strong>\u00a0\u00ebsht\u00eb miell me kualitet shum\u00eb t\u00eb lart\u00eb, i cili p\u00ebrmban vlera shum\u00eb m\u00eb t\u00eb larta t\u00eb protein\u00ebs dhe t\u00eb glutenit se sa mielli i zakonsh\u00ebm dhe se gjat\u00eb gatimit e krijon brumin me elasticitet t\u00eb lart\u00eb dhe shum\u00eb t\u00eb p\u00ebrshtatsh\u00ebm p\u00ebr gatimin e produkteve t\u00eb caktuara.<strong>\u00a0<\/strong><\/p>\n<p><strong>IDEAL P\u00cbR:<\/strong><br \/>\nIdeale p\u00ebr kuzhinier\u00ebt e picave, pasticier\u00ebt, furrtar\u00ebt, byrektoret dhe konsumator\u00ebt e tjer\u00eb.<\/p>\n<p><strong>VLERAT USHQYESE:<\/strong><br \/>\nMiell i bardh\u00eb i cili prodhohet nga kokrrat e p\u00ebrzgjedhura t\u00eb grurit i cili vjen nga Austria dhe Hungaria.<br \/>\n\u00cbsht\u00eb miell me kualitet shum\u00eb t\u00eb lart\u00eb, i cili p\u00ebrmban vlera shum\u00eb m\u00eb t\u00eb larta t\u00eb protein\u00ebs dhe t\u00eb glutenit se<br \/>\nsa mielli i zakonsh\u00ebm.<\/p>\n<p><strong>KARAKTERISTIKAT ORGANOLEPTIKE:<\/strong><br \/>\nKy miell gjat\u00eb gatimit e krijon brumin me elasticitet t\u00eb lart\u00eb dhe shum\u00eb t\u00eb p\u00ebrshtatsh\u00ebm p\u00ebr gatimin e<br \/>\nprodukteve t\u00eb caktuara.<\/p>\n<p><strong>KUR T\u00cb P\u00cbRDORET:<\/strong><br \/>\nKy lloj mielli \u00ebsht\u00eb i p\u00ebrshtatsh\u00ebm p\u00ebr gatimin e byrekut, brumit t\u00eb pic\u00ebs, pite, pet\u00eb dhe bakllava.<br \/>\nNj\u00ebkoh\u00ebsisht mund t\u00eb p\u00ebrdoret edhe p\u00ebr gatimin e brum\u00ebrave t\u00eb tjer\u00eb sipas nevojave tuaja.<\/p>","protected":false},"excerpt":{"rendered":"<p>\u00c7ka \u00ebsht\u00eb:\u00a0\u00ebsht\u00eb miell me kualitet shum\u00eb t\u00eb lart\u00eb, i cili p\u00ebrmban vlera shum\u00eb m\u00eb t\u00eb larta t\u00eb protein\u00ebs dhe t\u00eb glutenit se sa mielli i zakonsh\u00ebm dhe se gjat\u00eb gatimit e krijon brumin me elasticitet t\u00eb lart\u00eb dhe shum\u00eb t\u00eb p\u00ebrshtatsh\u00ebm p\u00ebr gatimin e produkteve t\u00eb caktuara.\u00a0 IDEAL P\u00cbR: Ideale p\u00ebr kuzhinier\u00ebt e picave, pasticier\u00ebt, [&hellip;]<\/p>","protected":false},"featured_media":3104,"comment_status":"open","ping_status":"closed","template":"","meta":{"_vp_format_video_url":"","_vp_image_focal_point":[]},"_links":{"self":[{"href":"https:\/\/www.msillosi.com\/en\/wp-json\/wp\/v2\/product\/3103"}],"collection":[{"href":"https:\/\/www.msillosi.com\/en\/wp-json\/wp\/v2\/product"}],"about":[{"href":"https:\/\/www.msillosi.com\/en\/wp-json\/wp\/v2\/types\/product"}],"replies":[{"embeddable":true,"href":"https:\/\/www.msillosi.com\/en\/wp-json\/wp\/v2\/comments?post=3103"}],"wp:featuredmedia":[{"embeddable":true,"href":"https:\/\/www.msillosi.com\/en\/wp-json\/wp\/v2\/media\/3104"}],"wp:attachment":[{"href":"https:\/\/www.msillosi.com\/en\/wp-json\/wp\/v2\/media?parent=3103"}],"curies":[{"name":"wp","href":"https:\/\/api.w.org\/{rel}","templated":true}]}}