{"id":3544,"date":"2021-03-23T14:28:20","date_gmt":"2021-03-23T14:28:20","guid":{"rendered":"https:\/\/www.msillosi.com\/?page_id=3544"},"modified":"2024-03-29T11:58:43","modified_gmt":"2024-03-29T11:58:43","slug":"receta-gatimi","status":"publish","type":"page","link":"https:\/\/www.msillosi.com\/en\/receta-gatimi\/","title":{"rendered":"Cooking Recipes"},"content":{"rendered":"<div class=\"vc_row wpb_row vc_row-fluid\"><div class=\"wpb_column vc_column_container vc_col-sm-12\"><div class=\"vc_column-inner\"><div class=\"wpb_wrapper\"><\/div><\/div><\/div><\/div><div class=\"vc_row wpb_row vc_row-fluid wpb_animate_when_almost_visible wpb_zoomIn zoomIn\"><div class=\"wpb_column vc_column_container vc_col-sm-12\"><div class=\"vc_column-inner\"><div class=\"wpb_wrapper\"><div class=\"gel-space gel-4cd8066cfaac7da8c1025beb9820e74d\"><\/div><div class=\"gel-heading gel-heading-style-02 text-center has-line-separator\">\n\t\t<h2 class=\"gel-heading-title\">\n\t\tCook with Finess\u2764\t<\/h2>\n\t\t\t<div class=\"gel-heading-separate\">\n\t\t<\/div>\n\t<\/div><div class=\"gel-space gel-0c76c4d27a87f6d5d22947cb6b5b06e0\"><\/div><\/div><\/div><\/div><div class=\"wpb_column vc_column_container vc_col-sm-12\"><div class=\"vc_column-inner\"><div class=\"wpb_wrapper\"><div class=\"gel-heading gel-heading-style-02 vc_custom_1616510004555 text-center\">\n\t\t<h2 class=\"gel-heading-title gel-127a01d64be58cc54a2ee55a35d1f0cf\">\n\t\tTaste of Romance\t<\/h2>\n\t<\/div><div class=\"vc_row wpb_row vc_inner vc_row-fluid vc_row-o-equal-height vc_row-flex\"><div class=\"wpb_column vc_column_container vc_col-sm-12 vc_col-xs-6\"><div class=\"vc_column-inner\"><div class=\"wpb_wrapper\">\n\t<div class=\"wpb_text_column wpb_content_element\" >\n\t\t<div class=\"wpb_wrapper\">\n\t\t\t<p style=\"text-align: right;\">Express family love by preparing your favorite meals with FINNESA flour. Below you will find the sweetest and most delicious recipes you have ever tried, cooked with the best flour in the country produced only by the M &amp; Sillosi Flour Factory.<\/p>\n\n\t\t<\/div>\n\t<\/div>\n<\/div><\/div><\/div><\/div><\/div><\/div><\/div><div class=\"wpb_column vc_column_container vc_col-sm-12\"><div class=\"vc_column-inner\"><div class=\"wpb_wrapper\"><div class=\"gel-space gel-7da4521ede336d15f1f69a3b618c3cbb\"><\/div><\/div><\/div><\/div><\/div><div data-g5element-full-width=\"true\" data-g5element-stretch-content=\"true\" class=\"vc_row wpb_row vc_row-fluid text-center vc_custom_1616510621625 vc_row-has-fill\"><div class=\"wpb_column vc_column_container vc_col-sm-12\"><div class=\"vc_column-inner vc_custom_1565340130241\"><div class=\"wpb_wrapper\"><div class=\"gel-space gel-72af09fac9551b7decea41eb5cf33ad8\"><\/div><div class=\"gel-heading gel-heading-style-02 text-center has-line-separator gel-69d8b5e39a457\">\n\t\t<h2 class=\"gel-heading-title\">\n\t\tDifferent recipes\t<\/h2>\n\t\t\t<div class=\"gel-heading-separate\">\n\t\t<\/div>\n\t\t\t<p class=\"gel-heading-description\">TRADITIONAL CUISINE, PASTRY AND SWEETS<\/p>\n\t<\/div><div class=\"gel-space gel-15c98edea38303b97f60c53aa00e2322\"><\/div><div class=\"g5element__gallery-slider\" >\n    <div data-items-container data-slick-options='{&quot;slidesToShow&quot;:4,&quot;slidesToScroll&quot;:4,&quot;centerMode&quot;:true,&quot;centerPadding&quot;:&quot;&quot;,&quot;arrows&quot;:false,&quot;dots&quot;:true,&quot;infinite&quot;:true,&quot;adaptiveHeight&quot;:true,&quot;autoplay&quot;:false,&quot;autoplaySpeed&quot;:5000,&quot;draggable&quot;:true,&quot;responsive&quot;:[{&quot;breakpoint&quot;:1200,&quot;settings&quot;:{&quot;slidesToShow&quot;:4,&quot;slidesToScroll&quot;:4}},{&quot;breakpoint&quot;:992,&quot;settings&quot;:{&quot;slidesToShow&quot;:3,&quot;slidesToScroll&quot;:3}},{&quot;breakpoint&quot;:768,&quot;settings&quot;:{&quot;slidesToShow&quot;:3,&quot;slidesToScroll&quot;:3}},{&quot;breakpoint&quot;:576,&quot;settings&quot;:{&quot;slidesToShow&quot;:2,&quot;slidesToScroll&quot;:2}}]}' class=\"g5element__gallery-inner slick-slider g5core__gutter-30\">\n        <div class=\"g5core__gutter-item g5element__gallery-item\">\n    <div class=\"g5element__gallery-item-inner\" >\n            <div class=\"g5core__post-featured\">\n                <div style=\"background-image: url(https:\/\/www.msillosi.com\/wp-content\/uploads\/2021\/05\/Tiramisu.jpg);\" class=\"g5core__entry-thumbnail g5core__embed-responsive g5core__image-size-1x1\"><\/div>\n                            <a data-g5core-mfp data-gallery-id=\"69d8b5e39a620\" href=\"https:\/\/www.msillosi.com\/wp-content\/uploads\/2021\/05\/Tiramisu.jpg\"  class=\"g5core__zoom-image\"><i class=\"fas fa-expand\"><\/i><\/a>\n            <\/div>\n        <\/div>\n<\/div>\n<div class=\"g5core__gutter-item g5element__gallery-item\">\n    <div class=\"g5element__gallery-item-inner\" >\n            <div class=\"g5core__post-featured\">\n                <div style=\"background-image: url(https:\/\/www.msillosi.com\/wp-content\/uploads\/2021\/05\/Bakllava-Tradicionale.jpg);\" class=\"g5core__entry-thumbnail g5core__embed-responsive g5core__image-size-1x1\"><\/div>\n                            <a data-g5core-mfp data-gallery-id=\"69d8b5e39a620\" href=\"https:\/\/www.msillosi.com\/wp-content\/uploads\/2021\/05\/Bakllava-Tradicionale.jpg\"  class=\"g5core__zoom-image\"><i class=\"fas fa-expand\"><\/i><\/a>\n            <\/div>\n        <\/div>\n<\/div>\n<div class=\"g5core__gutter-item g5element__gallery-item\">\n    <div class=\"g5element__gallery-item-inner\" >\n            <div class=\"g5core__post-featured\">\n                <div style=\"background-image: url(https:\/\/www.msillosi.com\/wp-content\/uploads\/2021\/03\/trileqe.jpg);\" class=\"g5core__entry-thumbnail g5core__embed-responsive g5core__image-size-1x1\"><\/div>\n                            <a data-g5core-mfp data-gallery-id=\"69d8b5e39a620\" href=\"https:\/\/www.msillosi.com\/wp-content\/uploads\/2021\/03\/trileqe.jpg\"  class=\"g5core__zoom-image\"><i class=\"fas fa-expand\"><\/i><\/a>\n            <\/div>\n        <\/div>\n<\/div>\n<div class=\"g5core__gutter-item g5element__gallery-item\">\n    <div class=\"g5element__gallery-item-inner\" >\n            <div class=\"g5core__post-featured\">\n                <div style=\"background-image: url(https:\/\/www.msillosi.com\/wp-content\/uploads\/2021\/03\/pancakes.jpg);\" class=\"g5core__entry-thumbnail g5core__embed-responsive g5core__image-size-1x1\"><\/div>\n                            <a data-g5core-mfp data-gallery-id=\"69d8b5e39a620\" href=\"https:\/\/www.msillosi.com\/wp-content\/uploads\/2021\/03\/pancakes.jpg\"  class=\"g5core__zoom-image\"><i class=\"fas fa-expand\"><\/i><\/a>\n            <\/div>\n        <\/div>\n<\/div>\n<div class=\"g5core__gutter-item g5element__gallery-item\">\n    <div class=\"g5element__gallery-item-inner\" >\n            <div class=\"g5core__post-featured\">\n                <div style=\"background-image: url(https:\/\/www.msillosi.com\/wp-content\/uploads\/2021\/03\/embelsire_me_cokollate.jpg);\" class=\"g5core__entry-thumbnail g5core__embed-responsive g5core__image-size-1x1\"><\/div>\n                            <a data-g5core-mfp data-gallery-id=\"69d8b5e39a620\" href=\"https:\/\/www.msillosi.com\/wp-content\/uploads\/2021\/03\/embelsire_me_cokollate.jpg\"  class=\"g5core__zoom-image\"><i class=\"fas fa-expand\"><\/i><\/a>\n            <\/div>\n        <\/div>\n<\/div>\n<div class=\"g5core__gutter-item g5element__gallery-item\">\n    <div class=\"g5element__gallery-item-inner\" >\n            <div class=\"g5core__post-featured\">\n                <div style=\"background-image: url(https:\/\/www.msillosi.com\/wp-content\/uploads\/2021\/05\/BYREK-SHTEPIE.jpg);\" class=\"g5core__entry-thumbnail g5core__embed-responsive g5core__image-size-1x1\"><\/div>\n                            <a data-g5core-mfp data-gallery-id=\"69d8b5e39a620\" href=\"https:\/\/www.msillosi.com\/wp-content\/uploads\/2021\/05\/BYREK-SHTEPIE.jpg\"  class=\"g5core__zoom-image\"><i class=\"fas fa-expand\"><\/i><\/a>\n            <\/div>\n        <\/div>\n<\/div>\n<div class=\"g5core__gutter-item g5element__gallery-item\">\n    <div class=\"g5element__gallery-item-inner\" >\n            <div class=\"g5core__post-featured\">\n                <div style=\"background-image: url(https:\/\/www.msillosi.com\/wp-content\/uploads\/2021\/05\/FLI.jpg);\" class=\"g5core__entry-thumbnail g5core__embed-responsive g5core__image-size-1x1\"><\/div>\n                            <a data-g5core-mfp data-gallery-id=\"69d8b5e39a620\" href=\"https:\/\/www.msillosi.com\/wp-content\/uploads\/2021\/05\/FLI.jpg\"  class=\"g5core__zoom-image\"><i class=\"fas fa-expand\"><\/i><\/a>\n            <\/div>\n        <\/div>\n<\/div>\n<div class=\"g5core__gutter-item g5element__gallery-item\">\n    <div class=\"g5element__gallery-item-inner\" >\n            <div class=\"g5core__post-featured\">\n                <div style=\"background-image: url(https:\/\/www.msillosi.com\/wp-content\/uploads\/2021\/05\/KIFLE.jpg);\" class=\"g5core__entry-thumbnail g5core__embed-responsive g5core__image-size-1x1\"><\/div>\n                            <a data-g5core-mfp data-gallery-id=\"69d8b5e39a620\" href=\"https:\/\/www.msillosi.com\/wp-content\/uploads\/2021\/05\/KIFLE.jpg\"  class=\"g5core__zoom-image\"><i class=\"fas fa-expand\"><\/i><\/a>\n            <\/div>\n        <\/div>\n<\/div>\n<div class=\"g5core__gutter-item g5element__gallery-item\">\n    <div class=\"g5element__gallery-item-inner\" >\n            <div class=\"g5core__post-featured\">\n                <div style=\"background-image: url(https:\/\/www.msillosi.com\/wp-content\/uploads\/2021\/05\/KROSAN.jpg);\" class=\"g5core__entry-thumbnail g5core__embed-responsive g5core__image-size-1x1\"><\/div>\n                            <a data-g5core-mfp data-gallery-id=\"69d8b5e39a620\" href=\"https:\/\/www.msillosi.com\/wp-content\/uploads\/2021\/05\/KROSAN.jpg\"  class=\"g5core__zoom-image\"><i class=\"fas fa-expand\"><\/i><\/a>\n            <\/div>\n        <\/div>\n<\/div>\n<div class=\"g5core__gutter-item g5element__gallery-item\">\n    <div class=\"g5element__gallery-item-inner\" >\n            <div class=\"g5core__post-featured\">\n                <div style=\"background-image: url(https:\/\/www.msillosi.com\/wp-content\/uploads\/2021\/05\/PITE-ME-SPINAQ.jpg);\" class=\"g5core__entry-thumbnail g5core__embed-responsive g5core__image-size-1x1\"><\/div>\n                            <a data-g5core-mfp data-gallery-id=\"69d8b5e39a620\" href=\"https:\/\/www.msillosi.com\/wp-content\/uploads\/2021\/05\/PITE-ME-SPINAQ.jpg\"  class=\"g5core__zoom-image\"><i class=\"fas fa-expand\"><\/i><\/a>\n            <\/div>\n        <\/div>\n<\/div>\n<div class=\"g5core__gutter-item g5element__gallery-item\">\n    <div class=\"g5element__gallery-item-inner\" >\n            <div class=\"g5core__post-featured\">\n                <div style=\"background-image: url(https:\/\/www.msillosi.com\/wp-content\/uploads\/2021\/05\/PANKEK-ME-DRITHRA.jpg);\" class=\"g5core__entry-thumbnail g5core__embed-responsive g5core__image-size-1x1\"><\/div>\n                            <a data-g5core-mfp data-gallery-id=\"69d8b5e39a620\" href=\"https:\/\/www.msillosi.com\/wp-content\/uploads\/2021\/05\/PANKEK-ME-DRITHRA.jpg\"  class=\"g5core__zoom-image\"><i class=\"fas fa-expand\"><\/i><\/a>\n            <\/div>\n        <\/div>\n<\/div>\n<div class=\"g5core__gutter-item g5element__gallery-item\">\n    <div class=\"g5element__gallery-item-inner\" >\n            <div class=\"g5core__post-featured\">\n                <div style=\"background-image: url(https:\/\/www.msillosi.com\/wp-content\/uploads\/2021\/05\/PIDE-ME-SUXHUK.jpg);\" class=\"g5core__entry-thumbnail g5core__embed-responsive g5core__image-size-1x1\"><\/div>\n                            <a data-g5core-mfp data-gallery-id=\"69d8b5e39a620\" href=\"https:\/\/www.msillosi.com\/wp-content\/uploads\/2021\/05\/PIDE-ME-SUXHUK.jpg\"  class=\"g5core__zoom-image\"><i class=\"fas fa-expand\"><\/i><\/a>\n            <\/div>\n        <\/div>\n<\/div>\n<div class=\"g5core__gutter-item g5element__gallery-item\">\n    <div class=\"g5element__gallery-item-inner\" >\n            <div class=\"g5core__post-featured\">\n                <div style=\"background-image: url(https:\/\/www.msillosi.com\/wp-content\/uploads\/2021\/03\/buke_shtepie.jpg);\" class=\"g5core__entry-thumbnail g5core__embed-responsive g5core__image-size-1x1\"><\/div>\n                            <a data-g5core-mfp data-gallery-id=\"69d8b5e39a620\" href=\"https:\/\/www.msillosi.com\/wp-content\/uploads\/2021\/03\/buke_shtepie.jpg\"  class=\"g5core__zoom-image\"><i class=\"fas fa-expand\"><\/i><\/a>\n            <\/div>\n        <\/div>\n<\/div>\n<div class=\"g5core__gutter-item g5element__gallery-item\">\n    <div class=\"g5element__gallery-item-inner\" >\n            <div class=\"g5core__post-featured\">\n                <div style=\"background-image: url(https:\/\/www.msillosi.com\/wp-content\/uploads\/2021\/03\/petulla.jpg);\" class=\"g5core__entry-thumbnail g5core__embed-responsive g5core__image-size-1x1\"><\/div>\n                            <a data-g5core-mfp data-gallery-id=\"69d8b5e39a620\" href=\"https:\/\/www.msillosi.com\/wp-content\/uploads\/2021\/03\/petulla.jpg\"  class=\"g5core__zoom-image\"><i class=\"fas fa-expand\"><\/i><\/a>\n            <\/div>\n        <\/div>\n<\/div>\n    <\/div>\n<\/div>\n<div class=\"vc_empty_space\"   style=\"height: 32px\"><span class=\"vc_empty_space_inner\"><\/span><\/div><div class=\"vc_empty_space\"   style=\"height: 32px\"><span class=\"vc_empty_space_inner\"><\/span><\/div><div class=\"gel-heading gel-heading-style-02 text-center has-line-separator gel-69d8b5e39bc66\">\n\t\t<h2 class=\"gel-heading-title\">\n\t\tGatuaj Shqip\t<\/h2>\n\t\t\t<div class=\"gel-heading-separate\">\n\t\t<\/div>\n\t\t\t<p class=\"gel-heading-description\">TRADITIONAL CUISINE, PASTRY AND SWEETS<\/p>\n\t<\/div><div class=\"gel-space gel-ed8f2dc7b72b6b620aad7c458dff8c45\"><\/div><div class=\"vc_row wpb_row vc_inner vc_row-fluid\"><div class=\"wpb_column vc_column_container vc_col-sm-3\"><div class=\"vc_column-inner\"><div class=\"wpb_wrapper\">\n\t<div class=\"wpb_video_widget wpb_content_element vc_clearfix   vc_video-aspect-ratio-43 vc_video-el-width-100 vc_video-align-left\" >\n\t\t<div class=\"wpb_wrapper\">\n\t\t\t\n\t\t\t<div class=\"wpb_video_wrapper\"><iframe title=\"KROFNE\" width=\"768\" height=\"432\" src=\"https:\/\/www.youtube.com\/embed\/FXmqWztzONE?feature=oembed\" frameborder=\"0\" allow=\"accelerometer; autoplay; clipboard-write; encrypted-media; gyroscope; picture-in-picture; web-share\" allowfullscreen><\/iframe><\/div>\n\t\t<\/div>\n\t<\/div>\n<\/div><\/div><\/div><div class=\"wpb_column vc_column_container vc_col-sm-3\"><div class=\"vc_column-inner\"><div class=\"wpb_wrapper\">\n\t<div class=\"wpb_video_widget wpb_content_element vc_clearfix   vc_video-aspect-ratio-43 vc_video-el-width-100 vc_video-align-left\" >\n\t\t<div class=\"wpb_wrapper\">\n\t\t\t\n\t\t\t<div class=\"wpb_video_wrapper\"><iframe title=\"Pica - Gatuaj Shqip\" width=\"768\" height=\"432\" src=\"https:\/\/www.youtube.com\/embed\/FucbPcLOOss?feature=oembed\" frameborder=\"0\" allow=\"accelerometer; autoplay; clipboard-write; encrypted-media; gyroscope; picture-in-picture; web-share\" allowfullscreen><\/iframe><\/div>\n\t\t<\/div>\n\t<\/div>\n<\/div><\/div><\/div><div class=\"wpb_column vc_column_container vc_col-sm-3\"><div class=\"vc_column-inner\"><div class=\"wpb_wrapper\">\n\t<div class=\"wpb_video_widget wpb_content_element vc_clearfix   vc_video-aspect-ratio-43 vc_video-el-width-100 vc_video-align-left\" >\n\t\t<div class=\"wpb_wrapper\">\n\t\t\t\n\t\t\t<div class=\"wpb_video_wrapper\"><iframe title=\"Kifle me Cemet\" width=\"768\" height=\"432\" src=\"https:\/\/www.youtube.com\/embed\/2vyGuBDJdPU?feature=oembed\" frameborder=\"0\" allow=\"accelerometer; autoplay; clipboard-write; encrypted-media; gyroscope; picture-in-picture; web-share\" allowfullscreen><\/iframe><\/div>\n\t\t<\/div>\n\t<\/div>\n<\/div><\/div><\/div><div class=\"wpb_column vc_column_container vc_col-sm-3\"><div class=\"vc_column-inner\"><div class=\"wpb_wrapper\">\n\t<div class=\"wpb_video_widget wpb_content_element vc_clearfix   vc_video-aspect-ratio-43 vc_video-el-width-100 vc_video-align-left\" >\n\t\t<div class=\"wpb_wrapper\">\n\t\t\t\n\t\t\t<div class=\"wpb_video_wrapper\"><iframe title=\"Kifle t\u00eb mbushura\" width=\"768\" height=\"432\" src=\"https:\/\/www.youtube.com\/embed\/5BPhylm0BiA?feature=oembed\" frameborder=\"0\" allow=\"accelerometer; autoplay; clipboard-write; encrypted-media; gyroscope; picture-in-picture; web-share\" referrerpolicy=\"strict-origin-when-cross-origin\" allowfullscreen><\/iframe><\/div>\n\t\t<\/div>\n\t<\/div>\n<\/div><\/div><\/div><\/div><div class=\"vc_row wpb_row vc_inner vc_row-fluid\"><div class=\"wpb_column vc_column_container vc_col-sm-3\"><div class=\"vc_column-inner\"><div class=\"wpb_wrapper\">\n\t<div class=\"wpb_video_widget wpb_content_element vc_clearfix   vc_video-aspect-ratio-43 vc_video-el-width-100 vc_video-align-left\" >\n\t\t<div class=\"wpb_wrapper\">\n\t\t\t\n\t\t\t<div class=\"wpb_video_wrapper\"><iframe title=\"Gatuaj samuna me miellin Finnesa.\" width=\"768\" height=\"432\" src=\"https:\/\/www.youtube.com\/embed\/L9ruX0lOTeE?feature=oembed\" frameborder=\"0\" allow=\"accelerometer; autoplay; clipboard-write; encrypted-media; gyroscope; picture-in-picture; web-share\" referrerpolicy=\"strict-origin-when-cross-origin\" allowfullscreen><\/iframe><\/div>\n\t\t<\/div>\n\t<\/div>\n<\/div><\/div><\/div><div class=\"wpb_column vc_column_container vc_col-sm-3\"><div class=\"vc_column-inner\"><div class=\"wpb_wrapper\">\n\t<div class=\"wpb_video_widget wpb_content_element vc_clearfix   vc_video-aspect-ratio-43 vc_video-el-width-100 vc_video-align-left\" >\n\t\t<div class=\"wpb_wrapper\">\n\t\t\t\n\t\t\t<div class=\"wpb_video_wrapper\"><iframe title=\"Rollad me xhem\" width=\"768\" height=\"432\" src=\"https:\/\/www.youtube.com\/embed\/xJtaItKEh7U?feature=oembed\" frameborder=\"0\" allow=\"accelerometer; autoplay; clipboard-write; encrypted-media; gyroscope; picture-in-picture; web-share\" referrerpolicy=\"strict-origin-when-cross-origin\" allowfullscreen><\/iframe><\/div>\n\t\t<\/div>\n\t<\/div>\n<\/div><\/div><\/div><div class=\"wpb_column vc_column_container vc_col-sm-3\"><div class=\"vc_column-inner\"><div class=\"wpb_wrapper\">\n\t<div class=\"wpb_video_widget wpb_content_element vc_clearfix   vc_video-aspect-ratio-43 vc_video-el-width-100 vc_video-align-left\" >\n\t\t<div class=\"wpb_wrapper\">\n\t\t\t\n\t\t\t<div class=\"wpb_video_wrapper\"><iframe title=\"Kollpite me maz\u00eb\" width=\"768\" height=\"432\" src=\"https:\/\/www.youtube.com\/embed\/msrm6wVq6lI?feature=oembed\" frameborder=\"0\" allow=\"accelerometer; autoplay; clipboard-write; encrypted-media; gyroscope; picture-in-picture; web-share\" referrerpolicy=\"strict-origin-when-cross-origin\" allowfullscreen><\/iframe><\/div>\n\t\t<\/div>\n\t<\/div>\n<\/div><\/div><\/div><div class=\"wpb_column vc_column_container vc_col-sm-3\"><div class=\"vc_column-inner\"><div class=\"wpb_wrapper\"><\/div><\/div><\/div><\/div><div class=\"gel-space gel-23f971f4f50677677dabe2a776d3100e\"><\/div><\/div><\/div><\/div><\/div><div class=\"vc_row-full-width vc_clearfix\"><\/div><div data-g5element-full-width=\"true\" class=\"vc_row wpb_row vc_row-fluid vc-col-no-pt vc_custom_1615984119632 vc_row-has-fill\"><div class=\"wpb_column vc_column_container vc_col-sm-12\"><div class=\"vc_column-inner vc_custom_1564731575776\"><div class=\"wpb_wrapper\"><div class=\"gel-space gel-e54d14ee3e49fdc3c1e1e21cc54b3943\"><\/div><\/div><\/div><\/div><div class=\"text-center wpb_column vc_column_container vc_col-sm-12 vc_col-lg-6 vc_col-md-6\"><div class=\"vc_column-inner vc_custom_1564731477659\"><div class=\"wpb_wrapper\"><div class=\"gel-heading gel-heading-style-02 text-center has-line-separator gel-69d8b5e39d289\">\n\t\t<h2 class=\"gel-heading-title\">\n\t\tSafe, and healthy \u2764\t<\/h2>\n\t\t\t<div class=\"gel-heading-separate\">\n\t\t<\/div>\n\t\t\t<p class=\"gel-heading-description\">Wholemeal bread, delicious and healthy<\/p>\n\t<\/div><div class=\"gel-space gel-c5d663c7e45fbb26cbf04e810018dc04\"><\/div>\n\t<div  class=\"wpb_single_image wpb_content_element vc_align_center\">\n\t\t\n\t\t<figure class=\"wpb_wrapper vc_figure\">\n\t\t\t<div class=\"vc_single_image-wrapper   vc_box_border_grey\"><img width=\"403\" height=\"353\" src=\"https:\/\/www.msillosi.com\/wp-content\/uploads\/2019\/08\/images-box-11.jpg\" class=\"vc_single_image-img attachment-full\" alt=\"\" loading=\"lazy\" srcset=\"https:\/\/www.msillosi.com\/wp-content\/uploads\/2019\/08\/images-box-11.jpg 403w, https:\/\/www.msillosi.com\/wp-content\/uploads\/2019\/08\/images-box-11-300x263.jpg 300w, https:\/\/www.msillosi.com\/wp-content\/uploads\/2019\/08\/images-box-11-200x175.jpg 200w\" sizes=\"(max-width: 403px) 100vw, 403px\" \/><\/div>\n\t\t<\/figure>\n\t<\/div>\n<div class=\"gel-space gel-cb28b760d8ff5beb9e2b5e6a841eaeeb\"><\/div>\n\t<div class=\"wpb_text_column wpb_content_element  custom-content-block\" >\n\t\t<div class=\"wpb_wrapper\">\n\t\t\t<h5 style=\"text-align: center;\"><span style=\"color: #764c24;\"><strong>BENEFITS OF INTEGRAL FLOUR:<\/strong><\/span><\/h5>\n<p>Contains vitamins B1, B3 and B5.<\/p>\n<p>It is very rich in fiber.<\/p>\n<p>Provides the body with magnesium which serves to stimulate the muscular system.<\/p>\n<p>Dietary fiber reduces the absorption of fat and cholesterol.<\/p>\n\n\t\t<\/div>\n\t<\/div>\n<\/div><\/div><\/div><div class=\"wpb_column vc_column_container vc_col-sm-12 vc_col-lg-6 vc_col-md-6\"><div class=\"vc_column-inner\"><div class=\"wpb_wrapper\"><div class=\"gel-space gel-a5146ac6e64e8770808e07ae0d9a0828\"><\/div><div class=\"gel-heading gel-heading-style-02 text-center has-line-separator gel-69d8b5e39d923\">\n\t\t<h2 class=\"gel-heading-title\">\n\t\tFinnesa, part of your table \u2764\t<\/h2>\n\t\t\t<div class=\"gel-heading-separate\">\n\t\t<\/div>\n\t\t\t<p class=\"gel-heading-description\">WE CREATE TASTY MEMORIES FOR YOU<\/p>\n\t<\/div><div class=\"gel-space gel-115fecc45000f9612fda7b10a062f233\"><\/div><div class=\"gel-slider-container slick-slider\"\n     data-slick-init=\"false\"\n     data-slick-options=\"{&quot;vertical&quot;:false,&quot;slidesToShow&quot;:1,&quot;slidesToScroll&quot;:1,&quot;centerMode&quot;:false,&quot;centerPadding&quot;:&quot;50px&quot;,&quot;arrows&quot;:false,&quot;dots&quot;:true,&quot;infinite&quot;:false,&quot;adaptiveHeight&quot;:false,&quot;speed&quot;:300,&quot;autoplay&quot;:false,&quot;autoplaySpeed&quot;:3000,&quot;pauseOnHover&quot;:false,&quot;fade&quot;:false,&quot;rtl&quot;:false,&quot;responsive&quot;:[],&quot;focusOnSelect&quot;:false,&quot;draggable&quot;:true}\">\n\t<div class=\"gel-image-box img-default img-size-origin gel-image-box-style-02\">\n    \t\t<div class=\"image\">\n\t\t\t\t<img alt=\"images-box-12\" src=\"https:\/\/www.msillosi.com\/wp-content\/uploads\/2019\/08\/images-box-12.png\">\t\t\t\t\t<\/div>\n<div class=\"content-box\">\n            <h4 class=\"title gel-478e93dee1411ebdc78f284b368840e0\">\n                        We cook together with Finnesa flour ...                    <\/h4>\n            <\/div><\/div><div class=\"gel-image-box img-default img-size-origin gel-image-box-style-02\">\n    \t\t<div class=\"image\">\n\t\t\t\t<img alt=\"images-box-13\" src=\"https:\/\/www.msillosi.com\/wp-content\/uploads\/2019\/08\/images-box-13.png\">\t\t\t\t\t<\/div>\n<div class=\"content-box\">\n            <h4 class=\"title gel-478e93dee1411ebdc78f284b368840e0\">\n                        Traditions .. Generation after generation ..                    <\/h4>\n            <\/div><\/div>\n<\/div><div class=\"gel-space gel-8264e610c616fd526096b16f2e856403\"><\/div><\/div><\/div><\/div><\/div><div class=\"vc_row-full-width vc_clearfix\"><\/div>","protected":false},"excerpt":{"rendered":"Gatuaj me Fines\u00eb \u2764 Shija e Romanc\u00ebs Shprehi familj\u00ebs dashuri duke p\u00ebrgaditur\u00eb ushqimet tuaja t\u00eb preferuara me miellin e FINNESA. M\u00eb posht do gjeni recetat m\u00eb t\u00eb \u00ebmb\u00ebla dhe t\u00eb shij\u00ebshmet q\u00eb ndonj\u00ebher\u00eb keni provuar, t\u00eb gatuara me miellin m\u00eb t\u00eb mir\u00eb n\u00eb vend prodhuar\u00eb vet\u00ebm nga Fabrika e Miellit M&amp;Sillosi. Receta t\u00eb ndryshme KUZHINA [...]","protected":false},"author":1,"featured_media":0,"parent":0,"menu_order":0,"comment_status":"closed","ping_status":"closed","template":"","meta":{"_vp_format_video_url":"","_vp_image_focal_point":[]},"_links":{"self":[{"href":"https:\/\/www.msillosi.com\/en\/wp-json\/wp\/v2\/pages\/3544"}],"collection":[{"href":"https:\/\/www.msillosi.com\/en\/wp-json\/wp\/v2\/pages"}],"about":[{"href":"https:\/\/www.msillosi.com\/en\/wp-json\/wp\/v2\/types\/page"}],"author":[{"embeddable":true,"href":"https:\/\/www.msillosi.com\/en\/wp-json\/wp\/v2\/users\/1"}],"replies":[{"embeddable":true,"href":"https:\/\/www.msillosi.com\/en\/wp-json\/wp\/v2\/comments?post=3544"}],"version-history":[{"count":19,"href":"https:\/\/www.msillosi.com\/en\/wp-json\/wp\/v2\/pages\/3544\/revisions"}],"predecessor-version":[{"id":23762,"href":"https:\/\/www.msillosi.com\/en\/wp-json\/wp\/v2\/pages\/3544\/revisions\/23762"}],"wp:attachment":[{"href":"https:\/\/www.msillosi.com\/en\/wp-json\/wp\/v2\/media?parent=3544"}],"curies":[{"name":"wp","href":"https:\/\/api.w.org\/{rel}","templated":true}]}}